{"id":664,"date":"2018-09-10T05:20:09","date_gmt":"2018-09-10T05:20:09","guid":{"rendered":"http:\/\/www.gandydigital.com\/?page_id=664"},"modified":"2018-09-10T05:34:57","modified_gmt":"2018-09-10T05:34:57","slug":"contact","status":"publish","type":"page","link":"https:\/\/gandydigital.com\/es\/contact\/","title":{"rendered":"Contactos"},"content":{"rendered":"<div id=\"about\" class=\"block-header-description article-centered\">\n<p>C\u00f3mo comprar, c\u00f3mo suministrar, a qui\u00e9n contactar. Entre en contacto con Gandy Digital o un distribuidor de ventas no podr\u00eda ser m\u00e1s f\u00e1cil, contamos con instalaciones de prueba, servicio, soporte y oficinas de ventas en todo el mundo, hay una oficina cerca de usted.<\/p>\n<\/div>\n","protected":false},"excerpt":{"rendered":"<p>C\u00f3mo comprar, c\u00f3mo suministrar, a qui\u00e9n contactar. Entre en contacto con Gandy Digital o un distribuidor de ventas no podr\u00eda ser m\u00e1s f\u00e1cil, contamos con instalaciones de prueba, servicio, soporte y oficinas de ventas en todo el mundo, hay una oficina cerca de usted.<\/p>\n","protected":false},"author":1,"featured_media":0,"parent":0,"menu_order":0,"comment_status":"closed","ping_status":"closed","template":"contact.php","meta":{"_acf_changed":false,"footnotes":""},"class_list":["post-664","page","type-page","status-publish","hentry"],"acf":[],"amp_enabled":false,"_links":{"self":[{"href":"https:\/\/gandydigital.com\/es\/wp-json\/wp\/v2\/pages\/664","targetHints":{"allow":["GET"]}}],"collection":[{"href":"https:\/\/gandydigital.com\/es\/wp-json\/wp\/v2\/pages"}],"about":[{"href":"https:\/\/gandydigital.com\/es\/wp-json\/wp\/v2\/types\/page"}],"author":[{"embeddable":true,"href":"https:\/\/gandydigital.com\/es\/wp-json\/wp\/v2\/users\/1"}],"replies":[{"embeddable":true,"href":"https:\/\/gandydigital.com\/es\/wp-json\/wp\/v2\/comments?post=664"}],"version-history":[{"count":3,"href":"https:\/\/gandydigital.com\/es\/wp-json\/wp\/v2\/pages\/664\/revisions"}],"predecessor-version":[{"id":667,"href":"https:\/\/gandydigital.com\/es\/wp-json\/wp\/v2\/pages\/664\/revisions\/667"}],"wp:attachment":[{"href":"https:\/\/gandydigital.com\/es\/wp-json\/wp\/v2\/media?parent=664"}],"curies":[{"name":"wp","href":"https:\/\/api.w.org\/{rel}","templated":true}]}}