{"id":668,"date":"2018-09-10T05:27:53","date_gmt":"2018-09-10T05:27:53","guid":{"rendered":"http:\/\/www.gandydigital.com\/?page_id=668"},"modified":"2018-09-10T05:34:51","modified_gmt":"2018-09-10T05:34:51","slug":"history","status":"publish","type":"page","link":"https:\/\/gandydigital.com\/es\/history\/","title":{"rendered":"Historia"},"content":{"rendered":"<p>Con 35 a\u00f1os de experiencia en tecnolog\u00eda de impresi\u00f3n digital, y una exitosa trayectoria probada de estar constantemente a la vanguardia de la industria de impresi\u00f3n digital de gran formato, <strong>Gandy Digital<\/strong> ciertamente ha sido pionera en el camino.<\/p>\n","protected":false},"excerpt":{"rendered":"<p>Con 35 a\u00f1os de experiencia en tecnolog\u00eda de impresi\u00f3n digital, y una exitosa trayectoria probada de estar constantemente a la vanguardia de la industria de impresi\u00f3n digital de gran formato, Gandy Digital ciertamente ha sido pionera en el camino.<\/p>\n","protected":false},"author":1,"featured_media":0,"parent":0,"menu_order":0,"comment_status":"closed","ping_status":"closed","template":"history.php","meta":{"_acf_changed":false,"footnotes":""},"class_list":["post-668","page","type-page","status-publish","hentry"],"acf":[],"amp_enabled":false,"_links":{"self":[{"href":"https:\/\/gandydigital.com\/es\/wp-json\/wp\/v2\/pages\/668","targetHints":{"allow":["GET"]}}],"collection":[{"href":"https:\/\/gandydigital.com\/es\/wp-json\/wp\/v2\/pages"}],"about":[{"href":"https:\/\/gandydigital.com\/es\/wp-json\/wp\/v2\/types\/page"}],"author":[{"embeddable":true,"href":"https:\/\/gandydigital.com\/es\/wp-json\/wp\/v2\/users\/1"}],"replies":[{"embeddable":true,"href":"https:\/\/gandydigital.com\/es\/wp-json\/wp\/v2\/comments?post=668"}],"version-history":[{"count":1,"href":"https:\/\/gandydigital.com\/es\/wp-json\/wp\/v2\/pages\/668\/revisions"}],"predecessor-version":[{"id":669,"href":"https:\/\/gandydigital.com\/es\/wp-json\/wp\/v2\/pages\/668\/revisions\/669"}],"wp:attachment":[{"href":"https:\/\/gandydigital.com\/es\/wp-json\/wp\/v2\/media?parent=668"}],"curies":[{"name":"wp","href":"https:\/\/api.w.org\/{rel}","templated":true}]}}