{"id":676,"date":"2018-09-10T05:31:57","date_gmt":"2018-09-10T05:31:57","guid":{"rendered":"http:\/\/www.gandydigital.com\/?page_id=676"},"modified":"2018-10-03T06:41:28","modified_gmt":"2018-10-03T06:41:28","slug":"printers","status":"publish","type":"page","link":"https:\/\/gandydigital.com\/es\/printers\/","title":{"rendered":"Impresoras"},"content":{"rendered":"<p>Con 35 a\u00f1os de experiencia en tecnolog\u00eda de impresi\u00f3n digital, y una exitosa trayectoria probada de estar constantemente a la vanguardia de la industria de impresi\u00f3n digital de gran formato, <strong>Gandy Digital<\/strong> ciertamente ha sido pionera en el camino.<\/p>\n","protected":false},"excerpt":{"rendered":"<p>Con 35 a\u00f1os de experiencia en tecnolog\u00eda de impresi\u00f3n digital, y una exitosa trayectoria probada de estar constantemente a la vanguardia de la industria de impresi\u00f3n digital de gran formato, Gandy Digital ciertamente ha sido pionera en el camino.<\/p>\n","protected":false},"author":1,"featured_media":0,"parent":0,"menu_order":0,"comment_status":"closed","ping_status":"closed","template":"printers.php","meta":[],"acf":[],"amp_enabled":false,"_links":{"self":[{"href":"https:\/\/gandydigital.com\/es\/wp-json\/wp\/v2\/pages\/676"}],"collection":[{"href":"https:\/\/gandydigital.com\/es\/wp-json\/wp\/v2\/pages"}],"about":[{"href":"https:\/\/gandydigital.com\/es\/wp-json\/wp\/v2\/types\/page"}],"author":[{"embeddable":true,"href":"https:\/\/gandydigital.com\/es\/wp-json\/wp\/v2\/users\/1"}],"replies":[{"embeddable":true,"href":"https:\/\/gandydigital.com\/es\/wp-json\/wp\/v2\/comments?post=676"}],"version-history":[{"count":1,"href":"https:\/\/gandydigital.com\/es\/wp-json\/wp\/v2\/pages\/676\/revisions"}],"predecessor-version":[{"id":677,"href":"https:\/\/gandydigital.com\/es\/wp-json\/wp\/v2\/pages\/676\/revisions\/677"}],"wp:attachment":[{"href":"https:\/\/gandydigital.com\/es\/wp-json\/wp\/v2\/media?parent=676"}],"curies":[{"name":"wp","href":"https:\/\/api.w.org\/{rel}","templated":true}]}}