{"id":291,"date":"2018-09-03T17:25:16","date_gmt":"2018-09-03T17:25:16","guid":{"rendered":"http:\/\/www.gandydigital.com\/?page_id=291"},"modified":"2018-09-10T05:36:01","modified_gmt":"2018-09-10T05:36:01","slug":"about","status":"publish","type":"page","link":"https:\/\/gandydigital.com\/fr\/","title":{"rendered":"A propos"},"content":{"rendered":"<p>Fort de 35 ann\u00e9es d&rsquo;exp\u00e9rience dans l&rsquo;impression num\u00e9rique, <strong>Gandy Digital<\/strong> est un pionnier dans le domaine de communication visuelle grand format.<\/p>\n","protected":false},"excerpt":{"rendered":"<p>Fort de 35 ann\u00e9es d&rsquo;exp\u00e9rience dans l&rsquo;impression num\u00e9rique, Gandy Digital est un pionnier dans le domaine de communication visuelle grand format.<\/p>\n","protected":false},"author":1,"featured_media":0,"parent":0,"menu_order":0,"comment_status":"closed","ping_status":"closed","template":"main.php","meta":[],"acf":[],"amp_enabled":false,"_links":{"self":[{"href":"https:\/\/gandydigital.com\/fr\/wp-json\/wp\/v2\/pages\/291"}],"collection":[{"href":"https:\/\/gandydigital.com\/fr\/wp-json\/wp\/v2\/pages"}],"about":[{"href":"https:\/\/gandydigital.com\/fr\/wp-json\/wp\/v2\/types\/page"}],"author":[{"embeddable":true,"href":"https:\/\/gandydigital.com\/fr\/wp-json\/wp\/v2\/users\/1"}],"replies":[{"embeddable":true,"href":"https:\/\/gandydigital.com\/fr\/wp-json\/wp\/v2\/comments?post=291"}],"version-history":[{"count":3,"href":"https:\/\/gandydigital.com\/fr\/wp-json\/wp\/v2\/pages\/291\/revisions"}],"predecessor-version":[{"id":425,"href":"https:\/\/gandydigital.com\/fr\/wp-json\/wp\/v2\/pages\/291\/revisions\/425"}],"wp:attachment":[{"href":"https:\/\/gandydigital.com\/fr\/wp-json\/wp\/v2\/media?parent=291"}],"curies":[{"name":"wp","href":"https:\/\/api.w.org\/{rel}","templated":true}]}}