{"id":293,"date":"2018-09-03T17:26:14","date_gmt":"2018-09-03T17:26:14","guid":{"rendered":"http:\/\/www.gandydigital.com\/?page_id=293"},"modified":"2018-09-10T05:36:37","modified_gmt":"2018-09-10T05:36:37","slug":"contact","status":"publish","type":"page","link":"https:\/\/gandydigital.com\/fr\/contact\/","title":{"rendered":"Contact"},"content":{"rendered":"<div id=\"about\" class=\"block-header-description article-centered\">\n<p>Comment vous \u00e9quiper, comment distribuer, qui contacter ? Prendre contact avec Gandy Digital ou un distributeur de vente est tr\u00e8s facile, nous avons des centres de d\u00e9monstration,  le service, un support et des bureaux de vente \u00e0 travers le monde, il y a un bureau pr\u00e8s de chez vous.<\/p>\n<\/div>\n","protected":false},"excerpt":{"rendered":"<p>Comment vous \u00e9quiper, comment distribuer, qui contacter ? Prendre contact avec Gandy Digital ou un distributeur de vente est tr\u00e8s facile, nous avons des centres de d\u00e9monstration, le service, un support et des bureaux de vente \u00e0 travers le monde, il y a un bureau pr\u00e8s de chez vous.<\/p>\n","protected":false},"author":1,"featured_media":0,"parent":0,"menu_order":0,"comment_status":"closed","ping_status":"closed","template":"contact.php","meta":[],"acf":[],"amp_enabled":false,"_links":{"self":[{"href":"https:\/\/gandydigital.com\/fr\/wp-json\/wp\/v2\/pages\/293"}],"collection":[{"href":"https:\/\/gandydigital.com\/fr\/wp-json\/wp\/v2\/pages"}],"about":[{"href":"https:\/\/gandydigital.com\/fr\/wp-json\/wp\/v2\/types\/page"}],"author":[{"embeddable":true,"href":"https:\/\/gandydigital.com\/fr\/wp-json\/wp\/v2\/users\/1"}],"replies":[{"embeddable":true,"href":"https:\/\/gandydigital.com\/fr\/wp-json\/wp\/v2\/comments?post=293"}],"version-history":[{"count":3,"href":"https:\/\/gandydigital.com\/fr\/wp-json\/wp\/v2\/pages\/293\/revisions"}],"predecessor-version":[{"id":296,"href":"https:\/\/gandydigital.com\/fr\/wp-json\/wp\/v2\/pages\/293\/revisions\/296"}],"wp:attachment":[{"href":"https:\/\/gandydigital.com\/fr\/wp-json\/wp\/v2\/media?parent=293"}],"curies":[{"name":"wp","href":"https:\/\/api.w.org\/{rel}","templated":true}]}}