{"id":297,"date":"2018-09-03T17:31:21","date_gmt":"2018-09-03T17:31:21","guid":{"rendered":"http:\/\/www.gandydigital.com\/?page_id=297"},"modified":"2018-09-10T05:36:22","modified_gmt":"2018-09-10T05:36:22","slug":"history","status":"publish","type":"page","link":"https:\/\/gandydigital.com\/fr\/history\/","title":{"rendered":"Histoire"},"content":{"rendered":"<p>Fort de 35 ann\u00e9es d&rsquo;exp\u00e9rience dans l&rsquo;impression num\u00e9rique, <strong>Gandy Digital<\/strong> est un pionnier dans le domaine de communication visuelle grand format.<\/p>\n","protected":false},"excerpt":{"rendered":"<p>Fort de 35 ann\u00e9es d&rsquo;exp\u00e9rience dans l&rsquo;impression num\u00e9rique, Gandy Digital est un pionnier dans le domaine de communication visuelle grand format.<\/p>\n","protected":false},"author":1,"featured_media":0,"parent":0,"menu_order":0,"comment_status":"closed","ping_status":"closed","template":"history.php","meta":{"_acf_changed":false,"footnotes":""},"class_list":["post-297","page","type-page","status-publish","hentry"],"acf":[],"amp_enabled":false,"_links":{"self":[{"href":"https:\/\/gandydigital.com\/fr\/wp-json\/wp\/v2\/pages\/297","targetHints":{"allow":["GET"]}}],"collection":[{"href":"https:\/\/gandydigital.com\/fr\/wp-json\/wp\/v2\/pages"}],"about":[{"href":"https:\/\/gandydigital.com\/fr\/wp-json\/wp\/v2\/types\/page"}],"author":[{"embeddable":true,"href":"https:\/\/gandydigital.com\/fr\/wp-json\/wp\/v2\/users\/1"}],"replies":[{"embeddable":true,"href":"https:\/\/gandydigital.com\/fr\/wp-json\/wp\/v2\/comments?post=297"}],"version-history":[{"count":2,"href":"https:\/\/gandydigital.com\/fr\/wp-json\/wp\/v2\/pages\/297\/revisions"}],"predecessor-version":[{"id":402,"href":"https:\/\/gandydigital.com\/fr\/wp-json\/wp\/v2\/pages\/297\/revisions\/402"}],"wp:attachment":[{"href":"https:\/\/gandydigital.com\/fr\/wp-json\/wp\/v2\/media?parent=297"}],"curies":[{"name":"wp","href":"https:\/\/api.w.org\/{rel}","templated":true}]}}